{"id":55,"date":"2025-07-28T11:46:19","date_gmt":"2025-07-28T11:46:19","guid":{"rendered":"http:\/\/sigmabrokerzy.pl\/?page_id=55"},"modified":"2025-07-28T12:01:17","modified_gmt":"2025-07-28T12:01:17","slug":"strona-w-budowie","status":"publish","type":"page","link":"https:\/\/sigmabrokerzy.pl\/","title":{"rendered":"strona w budowie"},"content":{"rendered":"\n<pre class=\"wp-block-preformatted\">Sigma brokerzy (wcze\u015bniej Eurobrokers M\u0142awa) <br><br>zapraszamy do kontaktu: <br><br>mail: kontakt@sigmabrokerzy.pl <br><br>tel. (23) 655-25-87 <br><br>do naszego biura: M\u0142awa, ul. \u017bwirki 26 <br><br>lub bezpo\u015brednio do broker\u00f3w<br><\/pre>\n","protected":false},"excerpt":{"rendered":"<p>Sigma brokerzy (wcze\u015bniej Eurobrokers M\u0142awa) zapraszamy do kontaktu: mail: kontakt@sigmabrokerzy.pl tel. (23) 655-25-87 do naszego biura: M\u0142awa, ul. \u017bwirki 26 lub bezpo\u015brednio do broker\u00f3w<\/p>\n","protected":false},"author":1,"featured_media":0,"parent":0,"menu_order":0,"comment_status":"closed","ping_status":"closed","template":"","meta":{"footnotes":""},"class_list":["post-55","page","type-page","status-publish","hentry"],"_links":{"self":[{"href":"https:\/\/sigmabrokerzy.pl\/index.php?rest_route=\/wp\/v2\/pages\/55","targetHints":{"allow":["GET"]}}],"collection":[{"href":"https:\/\/sigmabrokerzy.pl\/index.php?rest_route=\/wp\/v2\/pages"}],"about":[{"href":"https:\/\/sigmabrokerzy.pl\/index.php?rest_route=\/wp\/v2\/types\/page"}],"author":[{"embeddable":true,"href":"https:\/\/sigmabrokerzy.pl\/index.php?rest_route=\/wp\/v2\/users\/1"}],"replies":[{"embeddable":true,"href":"https:\/\/sigmabrokerzy.pl\/index.php?rest_route=%2Fwp%2Fv2%2Fcomments&post=55"}],"version-history":[{"count":2,"href":"https:\/\/sigmabrokerzy.pl\/index.php?rest_route=\/wp\/v2\/pages\/55\/revisions"}],"predecessor-version":[{"id":57,"href":"https:\/\/sigmabrokerzy.pl\/index.php?rest_route=\/wp\/v2\/pages\/55\/revisions\/57"}],"wp:attachment":[{"href":"https:\/\/sigmabrokerzy.pl\/index.php?rest_route=%2Fwp%2Fv2%2Fmedia&parent=55"}],"curies":[{"name":"wp","href":"https:\/\/api.w.org\/{rel}","templated":true}]}}